{"id":7293,"date":"2025-09-03T16:25:43","date_gmt":"2025-09-03T20:25:43","guid":{"rendered":"https:\/\/oes.nfsb.qc.ca\/?page_id=7293"},"modified":"2025-09-08T15:56:34","modified_gmt":"2025-09-08T19:56:34","slug":"wednesday-order","status":"publish","type":"page","link":"https:\/\/oes.nfsb.qc.ca\/fr\/wednesday-order\/","title":{"rendered":"Mercredi - Commande de derni\u00e8re minute \u00e0 la caf\u00e9t\u00e9ria"},"content":{"rendered":"","protected":false},"excerpt":{"rendered":"","protected":false},"author":2,"featured_media":0,"parent":0,"menu_order":0,"comment_status":"closed","ping_status":"closed","template":"","meta":{"footnotes":""},"class_list":["post-7293","page","type-page","status-publish","hentry"],"_links":{"self":[{"href":"https:\/\/oes.nfsb.qc.ca\/fr\/wp-json\/wp\/v2\/pages\/7293","targetHints":{"allow":["GET"]}}],"collection":[{"href":"https:\/\/oes.nfsb.qc.ca\/fr\/wp-json\/wp\/v2\/pages"}],"about":[{"href":"https:\/\/oes.nfsb.qc.ca\/fr\/wp-json\/wp\/v2\/types\/page"}],"author":[{"embeddable":true,"href":"https:\/\/oes.nfsb.qc.ca\/fr\/wp-json\/wp\/v2\/users\/2"}],"replies":[{"embeddable":true,"href":"https:\/\/oes.nfsb.qc.ca\/fr\/wp-json\/wp\/v2\/comments?post=7293"}],"version-history":[{"count":2,"href":"https:\/\/oes.nfsb.qc.ca\/fr\/wp-json\/wp\/v2\/pages\/7293\/revisions"}],"predecessor-version":[{"id":7346,"href":"https:\/\/oes.nfsb.qc.ca\/fr\/wp-json\/wp\/v2\/pages\/7293\/revisions\/7346"}],"wp:attachment":[{"href":"https:\/\/oes.nfsb.qc.ca\/fr\/wp-json\/wp\/v2\/media?parent=7293"}],"curies":[{"name":"wp","href":"https:\/\/api.w.org\/{rel}","templated":true}]}}