{"id":7295,"date":"2025-09-03T16:26:14","date_gmt":"2025-09-03T20:26:14","guid":{"rendered":"https:\/\/oes.nfsb.qc.ca\/?page_id=7295"},"modified":"2025-09-08T15:56:56","modified_gmt":"2025-09-08T19:56:56","slug":"thursday-order","status":"publish","type":"page","link":"https:\/\/oes.nfsb.qc.ca\/fr\/thursday-order\/","title":{"rendered":"Jeudi - Commande de derni\u00e8re minute \u00e0 la caf\u00e9t\u00e9ria"},"content":{"rendered":"","protected":false},"excerpt":{"rendered":"","protected":false},"author":2,"featured_media":0,"parent":0,"menu_order":0,"comment_status":"closed","ping_status":"closed","template":"","meta":{"footnotes":""},"class_list":["post-7295","page","type-page","status-publish","hentry"],"_links":{"self":[{"href":"https:\/\/oes.nfsb.qc.ca\/fr\/wp-json\/wp\/v2\/pages\/7295","targetHints":{"allow":["GET"]}}],"collection":[{"href":"https:\/\/oes.nfsb.qc.ca\/fr\/wp-json\/wp\/v2\/pages"}],"about":[{"href":"https:\/\/oes.nfsb.qc.ca\/fr\/wp-json\/wp\/v2\/types\/page"}],"author":[{"embeddable":true,"href":"https:\/\/oes.nfsb.qc.ca\/fr\/wp-json\/wp\/v2\/users\/2"}],"replies":[{"embeddable":true,"href":"https:\/\/oes.nfsb.qc.ca\/fr\/wp-json\/wp\/v2\/comments?post=7295"}],"version-history":[{"count":3,"href":"https:\/\/oes.nfsb.qc.ca\/fr\/wp-json\/wp\/v2\/pages\/7295\/revisions"}],"predecessor-version":[{"id":7347,"href":"https:\/\/oes.nfsb.qc.ca\/fr\/wp-json\/wp\/v2\/pages\/7295\/revisions\/7347"}],"wp:attachment":[{"href":"https:\/\/oes.nfsb.qc.ca\/fr\/wp-json\/wp\/v2\/media?parent=7295"}],"curies":[{"name":"wp","href":"https:\/\/api.w.org\/{rel}","templated":true}]}}